{"id":3032,"date":"2024-02-06T13:53:22","date_gmt":"2024-02-06T12:53:22","guid":{"rendered":"https:\/\/www.creativestar.be\/privacy\/"},"modified":"2024-06-11T14:40:32","modified_gmt":"2024-06-11T12:40:32","slug":"confidentialite","status":"publish","type":"page","link":"https:\/\/www.creativestar.be\/fr\/confidentialite\/","title":{"rendered":"Confidentialit\u00e9"},"content":{"rendered":"<p>[et_pb_section fb_built=\u00a0\u00bb1&Prime; _builder_version=\u00a0\u00bb4.25.0&Prime; _module_preset=\u00a0\u00bbdefault\u00a0\u00bb use_background_color_gradient=\u00a0\u00bbon\u00a0\u00bb background_color_gradient_stops=\u00a0\u00bbrgba(0,0,0,0.1) 0%|rgba(0,0,0,0.1) 100%\u00a0\u00bb background_color_gradient_overlays_image=\u00a0\u00bbon\u00a0\u00bb background_image=\u00a0\u00bbhttps:\/\/www.creativestar.be\/wp-content\/uploads\/2024\/05\/header-privacy-policy.jpg\u00a0\u00bb background_enable_video_mp4=\u00a0\u00bboff\u00a0\u00bb custom_padding=\u00a0\u00bb220px||220px||true|false\u00a0\u00bb border_radii=\u00a0\u00bbon|20px|20px|20px|20px\u00a0\u00bb border_width_all=\u00a0\u00bb5px\u00a0\u00bb border_color_all=\u00a0\u00bb#ffffff\u00a0\u00bb global_colors_info=\u00a0\u00bb{}\u00a0\u00bb][et_pb_row _builder_version=\u00a0\u00bb4.23.4&Prime; _module_preset=\u00a0\u00bbdefault\u00a0\u00bb positioning=\u00a0\u00bbabsolute\u00a0\u00bb position_origin_a=\u00a0\u00bbcenter_center\u00a0\u00bb global_colors_info=\u00a0\u00bb{}\u00a0\u00bb][et_pb_column type=\u00a0\u00bb4_4&Prime; _builder_version=\u00a0\u00bb4.23.4&Prime; _module_preset=\u00a0\u00bbdefault\u00a0\u00bb global_colors_info=\u00a0\u00bb{}\u00a0\u00bb][et_pb_text _builder_version=\u00a0\u00bb4.25.0&Prime; _module_preset=\u00a0\u00bbdefault\u00a0\u00bb header_text_align=\u00a0\u00bbcenter\u00a0\u00bb header_text_color=\u00a0\u00bb#FFFFFF\u00a0\u00bb custom_margin=\u00a0\u00bb||||false|false\u00a0\u00bb hover_enabled=\u00a0\u00bb0&Prime; global_colors_info=\u00a0\u00bb{}\u00a0\u00bb sticky_enabled=\u00a0\u00bb0&Prime;]<\/p>\n<h1>Confidentialit\u00e9<\/h1>\n<p>[\/et_pb_text][\/et_pb_column][\/et_pb_row][et_pb_row _builder_version=\u00a0\u00bb4.23.4&Prime; _module_preset=\u00a0\u00bbdefault\u00a0\u00bb positioning=\u00a0\u00bbabsolute\u00a0\u00bb position_origin_a=\u00a0\u00bbbottom_center\u00a0\u00bb custom_padding=\u00a0\u00bb0px||0px||true|false\u00a0\u00bb global_colors_info=\u00a0\u00bb{}\u00a0\u00bb][et_pb_column type=\u00a0\u00bb4_4&Prime; _builder_version=\u00a0\u00bb4.23.4&Prime; _module_preset=\u00a0\u00bbdefault\u00a0\u00bb global_colors_info=\u00a0\u00bb{}\u00a0\u00bb][et_pb_image src=\u00a0\u00bbhttps:\/\/www.creativestar.be\/wp-content\/uploads\/2024\/01\/Cs-Vorm.png\u00a0\u00bb title_text=\u00a0\u00bbCs &#8211; Vorm\u00a0\u00bb align=\u00a0\u00bbcenter\u00a0\u00bb _builder_version=\u00a0\u00bb4.23.4&Prime; _module_preset=\u00a0\u00bbdefault\u00a0\u00bb global_colors_info=\u00a0\u00bb{}\u00a0\u00bb][\/et_pb_image][\/et_pb_column][\/et_pb_row][\/et_pb_section][et_pb_section fb_built=\u00a0\u00bb1&Prime; custom_padding_last_edited=\u00a0\u00bbon|phone\u00a0\u00bb _builder_version=\u00a0\u00bb4.24.0&Prime; _module_preset=\u00a0\u00bbdefault\u00a0\u00bb custom_padding=\u00a0\u00bb115px||||false|false\u00a0\u00bb custom_padding_tablet=\u00a0\u00bb115px||0px||false|false\u00a0\u00bb custom_padding_phone=\u00a0\u00bb115px||0px||false|false\u00a0\u00bb global_colors_info=\u00a0\u00bb{}\u00a0\u00bb][et_pb_row _builder_version=\u00a0\u00bb4.24.0&Prime; _module_preset=\u00a0\u00bbdefault\u00a0\u00bb max_width_tablet=\u00a0\u00bb85%\u00a0\u00bb max_width_phone=\u00a0\u00bb85%\u00a0\u00bb max_width_last_edited=\u00a0\u00bboff|desktop\u00a0\u00bb custom_margin=\u00a0\u00bb|auto|120px|auto|false|false\u00a0\u00bb custom_padding=\u00a0\u00bb0px||0px||true|false\u00a0\u00bb global_colors_info=\u00a0\u00bb{}\u00a0\u00bb][et_pb_column type=\u00a0\u00bb4_4&Prime; _builder_version=\u00a0\u00bb4.23.4&Prime; _module_preset=\u00a0\u00bbdefault\u00a0\u00bb global_colors_info=\u00a0\u00bb{}\u00a0\u00bb][et_pb_text _builder_version=\u00a0\u00bb4.25.0&Prime; _module_preset=\u00a0\u00bbdefault\u00a0\u00bb custom_margin=\u00a0\u00bb||30px||false|false\u00a0\u00bb custom_margin_tablet=\u00a0\u00bb||||false|false\u00a0\u00bb custom_margin_phone=\u00a0\u00bb||||false|false\u00a0\u00bb custom_margin_last_edited=\u00a0\u00bboff|desktop\u00a0\u00bb hover_enabled=\u00a0\u00bb0&Prime; text_orientation_tablet=\u00a0\u00bb\u00a0\u00bb text_orientation_phone=\u00a0\u00bb\u00a0\u00bb text_orientation_last_edited=\u00a0\u00bbon|tablet\u00a0\u00bb global_colors_info=\u00a0\u00bb{}\u00a0\u00bb sticky_enabled=\u00a0\u00bb0&Prime;]<\/p>\n<p><strong>Clause de non-responsabilit\u00e9 du site web + Confidentialit\u00e9<\/strong><\/p>\n<p><strong>\u00a0<\/strong><\/p>\n<p><strong>\u00a0<\/strong><\/p>\n<p>Ce site web est la propri\u00e9t\u00e9 de <strong>CREATIVE STAR bv<\/strong><\/p>\n<p>Coordonn\u00e9es de contact<\/p>\n<p>Adresse du si\u00e8ge social : <strong>BROSBEEKSEBRUG 34\/1 \u2013 2600 ANV<\/strong><strong>ERS \u2013 BELGIQUE<\/strong><\/p>\n<p>Num\u00e9ro de t\u00e9l\u00e9phone : <strong>+32 (0)3 283 0 777<\/strong><\/p>\n<p>E-mail : <strong>info@creativestar.be<\/strong><\/p>\n<p>Num\u00e9ro d&rsquo;entreprise : <strong>BE 0837960828<\/strong><\/p>\n<p>RPR : <strong>0837960828<\/strong><\/p>\n<p><strong>\u00a0<\/strong><\/p>\n<p>En acc\u00e9dant au site web et en l&rsquo;utilisant, vous acceptez express\u00e9ment les termes de conditions suivants.<\/p>\n<p>&nbsp;<\/p>\n<p><strong>Droits de propri\u00e9t\u00e9 intellectuelle<\/strong><\/p>\n<p>Le contenu de ce site, y compris les marques, les logos, les dessins, les donn\u00e9es, les noms de produits ou de soci\u00e9t\u00e9s, les textes, les images, etc. sont prot\u00e9g\u00e9s par des droits intellectuels et appartiennent \u00e0 la <strong>CREATIVE STAR<\/strong> ou \u00e0 des tiers habilit\u00e9s.<\/p>\n<p>&nbsp;<\/p>\n<p><strong>Limitation de la responsabilit\u00e9<\/strong><\/p>\n<p>Les informations figurant sur le site web sont de nature g\u00e9n\u00e9rale. Les informations ne sont pas adapt\u00e9es \u00e0 des circonstances personnelles ou sp\u00e9cifiques et ne peuvent donc pas \u00eatre consid\u00e9r\u00e9es comme des conseils personnels, professionnels ou juridiques \u00e0 l&rsquo;utilisateur.<\/p>\n<p>&nbsp;<\/p>\n<p><strong>CREATIVE STAR<\/strong> s&rsquo;efforce de garantir que les informations fournies sont compl\u00e8tes, correctes, pr\u00e9cises et actualis\u00e9es. Malgr\u00e9 ces efforts, des inexactitudes peuvent appara\u00eetre dans les informations disponibles. Dans le cas o\u00f9 les informations fournies contiendraient des inexactitudes ou dans le cas o\u00f9 certaines informations sur ou via le site seraient indisponibles, <strong>CREATIVE STAR<\/strong> mettra tout en \u0153uvre pour y rem\u00e9dier dans les meilleurs d\u00e9lais.<\/p>\n<p>Toutefois, la <strong>CREATIVE STAR<\/strong> ne peut \u00eatre tenue responsable des dommages directs ou indirects r\u00e9sultant de l&rsquo;utilisation des informations de ce site.<\/p>\n<p>Si vous constatez des inexactitudes dans les informations mises \u00e0 disposition par le site, veuillez contacter l&rsquo;administrateur du site.<\/p>\n<p>&nbsp;<\/p>\n<p>Le contenu du site (y compris les liens) peut \u00eatre adapt\u00e9, modifi\u00e9 ou compl\u00e9t\u00e9 \u00e0 tout moment sans pr\u00e9avis ni notification. <strong>CREATIVE STAR <\/strong>ne peut garantir le bon fonctionnement du site et ne peut en aucun cas \u00eatre tenue responsable d&rsquo;un mauvais fonctionnement ou d&rsquo;une (in)disponibilit\u00e9 temporaire du site ou de toute forme de dommage, direct ou indirect, qui pourrait r\u00e9sulter de l&rsquo;acc\u00e8s ou de l&rsquo;utilisation du site.<\/p>\n<p><strong>\u00a0<\/strong><\/p>\n<p><strong>CREATIVE STAR<\/strong> ne peut, en aucun cas, \u00eatre tenue responsable, directement ou indirectement, de mani\u00e8re sp\u00e9cifique ou de toute autre mani\u00e8re, des dommages caus\u00e9s par l&rsquo;utilisation de ce site ou par l&rsquo;utilisation de tout autre site, notamment \u00e0 la suite de liens ou d&rsquo;hyperliens, y compris, sans limitation, toutes les pertes, interruptions de travail, dommages aux programmes ou autres donn\u00e9es du syst\u00e8me informatique, aux \u00e9quipements, logiciels ou autres de l&rsquo;utilisateur.<\/p>\n<p>&nbsp;<\/p>\n<p>Le site web peut contenir des hyperliens vers des sites ou des pages de tiers, ou y faire indirectement r\u00e9f\u00e9rence. Le placement de liens vers ces sites ou pages n&rsquo;implique en aucun cas une approbation implicite de leur contenu.<\/p>\n<p>&nbsp;<\/p>\n<p><strong>CREATIVE STAR<\/strong> d\u00e9clare express\u00e9ment qu&rsquo;elle n&rsquo;a aucune autorit\u00e9 sur le contenu ou les autres caract\u00e9ristiques de ces sites web et ne peut en aucun cas \u00eatre tenue responsable de leur contenu ou de leurs caract\u00e9ristiques ou de toute autre forme de dommage r\u00e9sultant de leur utilisation.<\/p>\n<p><strong>Droit applicable et tribunaux comp\u00e9tents.<\/strong><\/p>\n<p>Le droit belge est applicable \u00e0 ce site web. En cas de litige, seuls les tribunaux de l&rsquo;arrondissement de Anvers sont comp\u00e9tents.<\/p>\n<p>&nbsp;<\/p>\n<p><strong>Politique de confidentialit\u00e9<br \/>CREATIVE STAR<\/strong> attache de l&rsquo;importance \u00e0 votre vie priv\u00e9e.<\/p>\n<p>&nbsp;<\/p>\n<p>Dans le cas o\u00f9 l&rsquo;utilisateur du site web est invit\u00e9 \u00e0 fournir des informations personnelles :<\/p>\n<p>&nbsp;<\/p>\n<p>Le responsable du traitement, <strong>CREATIVE STAR<\/strong> &#8211; <strong>BROSBEEKSEBRUG 34\/1 \u2013 2600 ANVERS \u2013 BELGIQUE <\/strong>respecte la loi belge du 8 d\u00e9cembre 1992 relative \u00e0 la protection de la vie priv\u00e9e dans le traitement des donn\u00e9es \u00e0 caract\u00e8re personnel.<\/p>\n<p>&nbsp;<\/p>\n<p>Les donn\u00e9es personnelles que vous fournissez seront utilis\u00e9es aux fins suivantes :<\/p>\n<ul>\n<li>Traitement de votre demande<\/li>\n<\/ul>\n<p>&nbsp;<\/p>\n<p>Vous disposez d&rsquo;un droit l\u00e9gal d&rsquo;acc\u00e8s et, si n\u00e9cessaire, de rectification de vos donn\u00e9es personnelles. Sous r\u00e9serve d&rsquo;une preuve d&rsquo;identit\u00e9 (copie de la carte d&rsquo;identit\u00e9), vous pouvez obtenir gratuitement la communication \u00e9crite de vos donn\u00e9es personnelles en envoyant une demande \u00e9crite, dat\u00e9e et sign\u00e9e \u00e0 <strong>CREATIVE STAR<\/strong>, <strong>BROSBEEKSEBRUG 34\/1 \u2013 2600 ANVERS \u2013 BELGIQUE<\/strong>, <strong>info@creativestar.be<\/strong>. Si n\u00e9cessaire, vous pouvez \u00e9galement demander que les informations qui sont incorrectes, incompl\u00e8tes ou non pertinentes soient corrig\u00e9es.<\/p>\n<p>&nbsp;<\/p>\n<p>En cas d&rsquo;utilisation des donn\u00e9es \u00e0 des fins de marketing direct : vous pouvez vous opposer gratuitement \u00e0 l&rsquo;utilisation de vos donn\u00e9es \u00e0 des fins de marketing direct. Pour cela, veuillez contacter <strong>CREATIVE STAR<\/strong>, <strong>BROSBEEKSEBRUG 34\/1 \u2013 2600 ANVERS \u2013 BELGIQUE<\/strong>, <strong>info@creativestar.be<\/strong>.<\/p>\n<p>&nbsp;<\/p>\n<p>En cas de transfert \u00e0 des tiers : Vos donn\u00e9es personnelles <u>ne seront pas<\/u> transmises \u00e0 des tiers.<\/p>\n<p>&nbsp;<\/p>\n<p><strong>CREATIVE STAR<\/strong> peut recueillir des donn\u00e9es anonymes ou agr\u00e9g\u00e9es de nature non personnelle, telles que le type de navigateur ou l&rsquo;adresse IP, le syst\u00e8me d&rsquo;exploitation que vous utilisez ou le nom de domaine du site web par lequel vous \u00eates arriv\u00e9 sur le site ou par lequel vous le quittez. Cela nous permet d&rsquo;optimiser en permanence le site web pour les utilisateurs.<\/p>\n<p>&nbsp;<\/p>\n<p><strong>\u00a0<\/strong><\/p>\n<p><strong>\u00a0<\/strong><\/p>\n<p><strong>Prot\u00e9g\u00e9 avec reCAPTCHA<\/strong><\/p>\n<p><a href=\"https:\/\/policies.google.com\/privacy?hl=fr\">Privacy<\/a>\u00a0&#8211;\u00a0<a href=\"https:\/\/policies.google.com\/privacy?hl=fr\">Termes<\/a><\/p>\n<p><strong>\u00a0<\/strong><\/p>\n<p><strong>L&rsquo;utilisation de \u00ab\u00a0cookies\u00a0\u00bb.<\/strong><\/p>\n<p>Lors d&rsquo;une visite sur le site, des \u00ab\u00a0cookies\u00a0\u00bb peuvent \u00eatre plac\u00e9s sur le disque dur de votre ordinateur. Un cookie est un fichier texte qui est plac\u00e9 par le serveur d&rsquo;un site web dans le navigateur de votre ordinateur ou sur votre appareil mobile lorsque vous consultez un site web. Les cookies ne peuvent pas \u00eatre utilis\u00e9s pour identifier des personnes ; un cookie ne peut identifier qu&rsquo;une machine.<\/p>\n<p>&nbsp;<\/p>\n<p>\u201cCookies n\u00e9cessaires\u201d : Les cookies n\u00e9cessaires contribuent \u00e0 rendre un site web plus utile, en permettant des fonctions de base telles que la navigation sur les pages et l&rsquo;acc\u00e8s \u00e0 des zones s\u00e9curis\u00e9es du site web. Sans ces cookies, le site web ne peut pas fonctionner correctement.<\/p>\n<p>&nbsp;<\/p>\n<p>\u201cCookies de pr\u00e9f\u00e9rence\u201d : Les cookies de pr\u00e9f\u00e9rence permettent \u00e0 un site web de m\u00e9moriser des informations qui affectent le comportement et la conception du site web, telles que votre langue pr\u00e9f\u00e9r\u00e9e ou votre r\u00e9gion de r\u00e9sidence.<\/p>\n<p>&nbsp;<\/p>\n<p>\u201cCookies statistiques\u00a0\u00bb : Les cookies statistiques aident les propri\u00e9taires de sites web \u00e0 comprendre comment les visiteurs utilisent leur site web en collectant et en rapportant des donn\u00e9es de mani\u00e8re anonyme.<\/p>\n<p>&nbsp;<\/p>\n<p>\u201cCookies de marketing\u201d : Les cookies marketing sont utilis\u00e9s pour suivre les visiteurs lorsqu&rsquo;ils se rendent sur diff\u00e9rents sites web. Leur objectif est d&rsquo;afficher des publicit\u00e9s adapt\u00e9es et pertinentes pour l&rsquo;utilisateur individuel. Ces publicit\u00e9s ont ainsi plus de valeur pour les \u00e9diteurs et les annonceurs tiers.<\/p>\n<p>&nbsp;<\/p>\n<p>\u00ab\u00a0First party cookies\u00a0\u00bb sont des cookies techniques qui sont utilis\u00e9s par le site visit\u00e9 en lui-m\u00eame et qui visent \u00e0 permettre au site de fonctionner de mani\u00e8re optimale. Par exemple : des param\u00e8tres que l&rsquo;utilisateur a d\u00e9finis lors de ses pr\u00e9c\u00e9dentes visites sur le site, ou un formulaire pr\u00e9-rempli avec des donn\u00e9es que l&rsquo;utilisateur a fournies lors de ses pr\u00e9c\u00e9dentes visites.<\/p>\n<p>&nbsp;<\/p>\n<p>Les \u00ab\u00a0cookies tiers\u00a0\u00bb sont des cookies qui ne proviennent pas du site web lui-m\u00eame, mais de tiers, par exemple un plug-in marketing ou publicitaire existant.<\/p>\n<p>Par exemple, les cookies de Facebook et de Google Analytics. Pour ces cookies, le visiteur du site doit d&rsquo;abord donner son consentement &#8211; cela peut se faire par la barre au bas du site web.<\/p>\n<p>&nbsp;<\/p>\n<p>Vous pouvez configurer votre navigateur internet de mani\u00e8re \u00e0 ce que les cookies ne soient pas accept\u00e9s, que vous receviez un avertissement lorsqu&rsquo;un cookie est install\u00e9 ou que les cookies soient ensuite supprim\u00e9s de votre disque dur.\u00a0 Vous pouvez le faire par des param\u00e8tres de votre navigateur (via la fonction d&rsquo;aide). Veuillez noter, toutefois, que certains \u00e9l\u00e9ments graphiques ne peuvent pas s&rsquo;afficher correctement ou que vous ne pouvez pas \u00eatre en mesure d&rsquo;utiliser certaines applications.<\/p>\n<p>&nbsp;<\/p>\n<p>En utilisant notre site web, vous acceptez que nous utilisions des cookies. Vous avez \u00e9galement donn\u00e9 votre consentement au pr\u00e9alable via la pop-up pr\u00e9vue \u00e0 cet effet. Sinon, les cookies non urgents ne seront pas activ\u00e9s pendant votre visite.<\/p>\n<p>&nbsp;<\/p>\n<p><strong>Google analytics<\/strong><\/p>\n<p>Ce site Web utilise Google Analytics, un service d&rsquo;analyse du Web fourni par Google Inc (\u00ab\u00a0Google\u00a0\u00bb). Google Analytics utilise des \u00ab\u00a0cookies\u00a0\u00bb, qui sont des fichiers texte plac\u00e9s sur votre ordinateur, pour aider le site internet \u00e0 analyser l&rsquo;utilisation du site par ses utilisateurs. Les informations g\u00e9n\u00e9r\u00e9es par les cookies concernant votre utilisation du site (y compris votre adresse IP) sont transmises et stock\u00e9es par Google sur des serveurs situ\u00e9s aux \u00c9tats-Unis. Google utilise ces informations pour suivre votre utilisation du site, r\u00e9diger des rapports sur l&rsquo;activit\u00e9 du site \u00e0 l&rsquo;intention de son exploitant et fournir d&rsquo;autres services li\u00e9s \u00e0 l&rsquo;activit\u00e9 du site et \u00e0 l&rsquo;utilisation d&rsquo;Internet. Google peut \u00e9galement transmettre ces informations \u00e0 des tiers si la loi l&rsquo;exige ou si ces tiers traitent ces informations pour le compte de Google. Google n&rsquo;associera pas votre adresse IP \u00e0 d&rsquo;autres donn\u00e9es d\u00e9tenues par Google. Vous pouvez refuser l&rsquo;utilisation de cookies en s\u00e9lectionnant les param\u00e8tres appropri\u00e9s de votre navigateur. Veuillez noter, toutefois, que dans ce cas, vous ne pourrez peut-\u00eatre pas utiliser toutes les fonctionnalit\u00e9s de ce site web. En utilisant ce site web, vous consentez au traitement des donn\u00e9es vous concernant par Google de la mani\u00e8re et aux fins d\u00e9crites ci-dessus.<\/p>\n<p>&nbsp;<\/p>\n<p><strong>D\u00e9poser une plainte<\/strong><\/p>\n<p>Souhaitez-vous d\u00e9poser une plainte ? Nous vous r\u00e9f\u00e9rons pour cela \u00a0\u00e0 <u>l&rsquo;autorit\u00e9 belge de protection des donn\u00e9es<\/u><\/p>\n<p>[\/et_pb_text][\/et_pb_column][\/et_pb_row][\/et_pb_section]<\/p>\n","protected":false},"excerpt":{"rendered":"<p>Confidentialit\u00e9Clause de non-responsabilit\u00e9 du site web + Confidentialit\u00e9 \u00a0 \u00a0 Ce site web est la propri\u00e9t\u00e9 de CREATIVE STAR bv Coordonn\u00e9es de contact Adresse du si\u00e8ge social : BROSBEEKSEBRUG 34\/1 \u2013 2600 ANVERS \u2013 BELGIQUE Num\u00e9ro de t\u00e9l\u00e9phone : +32 (0)3 283 0 777 E-mail : info@creativestar.be Num\u00e9ro d&rsquo;entreprise : BE 0837960828 RPR : 0837960828 [&hellip;]<\/p>\n","protected":false},"author":5,"featured_media":0,"parent":0,"menu_order":103,"comment_status":"closed","ping_status":"closed","template":"","meta":{"_et_pb_use_builder":"on","_et_pb_old_content":"<!-- wp:paragraph -->\n<p>Dit is een voorbeeldpagina. Het is anders dan een blog bericht omdat het op \u00e9\u00e9n plek blijft en tevoorschijn komt in je website navigatie (in de meeste thema's). De meeste mensen starten met een Over pagina dat hen voorstelt aan potenti\u00eble website bezoekers. Het zou iets als dit kunnen zeggen:<\/p>\n<!-- \/wp:paragraph -->\n\n<!-- wp:quote -->\n<blockquote class=\"wp-block-quote\"><p>Hallo daar! Ik ben een fietskoerier in het dagelijks leven en een beginnend acteur in de avonduren. Ik leef in Los Angeles, heb een leuke hond genaamd Jack en ik hou van pi&#241;a coladas. (En overvallen worden door de regen.)<\/p><\/blockquote>\n<!-- \/wp:quote -->\n\n<!-- wp:paragraph -->\n<p>...of zoiets als dit:<\/p>\n<!-- \/wp:paragraph -->\n\n<!-- wp:quote -->\n<blockquote class=\"wp-block-quote\"><p>De XYZ Doohickey Company is opgericht in 1971 en heeft sindsdien kwalitatieve doohickeys aan het publiek geleverd. Gevestigd in Gotham City, XYZ heeft meer dan 2000 mensen in dienst en doen allemaal fantastische dingen voor de community in Gotham.<\/p><\/blockquote>\n<!-- \/wp:quote -->\n\n<!-- wp:paragraph -->\n<p>Als nieuwe WordPress gebruiker kan je naar <a href=\"https:\/\/www.creativestar.be\/wp-admin\/\">je dashboard<\/a> gaan om deze pagina te verwijderen en nieuwe pagina's toe te voegen voor je website. Veel plezier!<\/p>\n<!-- \/wp:paragraph -->","_et_gb_content_width":"","inline_featured_image":false,"footnotes":""},"class_list":["post-3032","page","type-page","status-publish","hentry"],"yoast_head":"<!-- This site is optimized with the Yoast SEO plugin v27.6 - https:\/\/yoast.com\/product\/yoast-seo-wordpress\/ -->\n<title>Confidentialit\u00e9 - Creative Star<\/title>\n<meta name=\"robots\" content=\"noindex, nofollow\" \/>\n<meta property=\"og:locale\" content=\"fr_FR\" \/>\n<meta property=\"og:type\" content=\"article\" \/>\n<meta property=\"og:title\" content=\"Confidentialit\u00e9 - Creative Star\" \/>\n<meta property=\"og:description\" content=\"Confidentialit\u00e9Clause de non-responsabilit\u00e9 du site web + Confidentialit\u00e9 \u00a0 \u00a0 Ce site web est la propri\u00e9t\u00e9 de CREATIVE STAR bv Coordonn\u00e9es de contact Adresse du si\u00e8ge social : BROSBEEKSEBRUG 34\/1 \u2013 2600 ANVERS \u2013 BELGIQUE Num\u00e9ro de t\u00e9l\u00e9phone : +32 (0)3 283 0 777 E-mail : info@creativestar.be Num\u00e9ro d&#039;entreprise : BE 0837960828 RPR : 0837960828 [&hellip;]\" \/>\n<meta property=\"og:url\" content=\"https:\/\/www.creativestar.be\/fr\/confidentialite\/\" \/>\n<meta property=\"og:site_name\" content=\"Creative Star\" \/>\n<meta property=\"article:modified_time\" content=\"2024-06-11T12:40:32+00:00\" \/>\n<meta name=\"twitter:card\" content=\"summary_large_image\" \/>\n<meta name=\"twitter:label1\" content=\"Dur\u00e9e de lecture estim\u00e9e\" \/>\n\t<meta name=\"twitter:data1\" content=\"8 minutes\" \/>\n<script type=\"application\/ld+json\" class=\"yoast-schema-graph\">{\"@context\":\"https:\\\/\\\/schema.org\",\"@graph\":[{\"@type\":\"WebPage\",\"@id\":\"https:\\\/\\\/www.creativestar.be\\\/fr\\\/confidentialite\\\/\",\"url\":\"https:\\\/\\\/www.creativestar.be\\\/fr\\\/confidentialite\\\/\",\"name\":\"Confidentialit\u00e9 - Creative Star\",\"isPartOf\":{\"@id\":\"https:\\\/\\\/www.creativestar.be\\\/#website\"},\"datePublished\":\"2024-02-06T12:53:22+00:00\",\"dateModified\":\"2024-06-11T12:40:32+00:00\",\"breadcrumb\":{\"@id\":\"https:\\\/\\\/www.creativestar.be\\\/fr\\\/confidentialite\\\/#breadcrumb\"},\"inLanguage\":\"fr-FR\",\"potentialAction\":[{\"@type\":\"ReadAction\",\"target\":[\"https:\\\/\\\/www.creativestar.be\\\/fr\\\/confidentialite\\\/\"]}]},{\"@type\":\"BreadcrumbList\",\"@id\":\"https:\\\/\\\/www.creativestar.be\\\/fr\\\/confidentialite\\\/#breadcrumb\",\"itemListElement\":[{\"@type\":\"ListItem\",\"position\":1,\"name\":\"Home\",\"item\":\"https:\\\/\\\/www.creativestar.be\\\/\"},{\"@type\":\"ListItem\",\"position\":2,\"name\":\"Confidentialit\u00e9\"}]},{\"@type\":\"WebSite\",\"@id\":\"https:\\\/\\\/www.creativestar.be\\\/#website\",\"url\":\"https:\\\/\\\/www.creativestar.be\\\/\",\"name\":\"Creative Star\",\"description\":\"Organisation of incentive travel &amp; luxury events\",\"potentialAction\":[{\"@type\":\"SearchAction\",\"target\":{\"@type\":\"EntryPoint\",\"urlTemplate\":\"https:\\\/\\\/www.creativestar.be\\\/?s={search_term_string}\"},\"query-input\":{\"@type\":\"PropertyValueSpecification\",\"valueRequired\":true,\"valueName\":\"search_term_string\"}}],\"inLanguage\":\"fr-FR\"}]}<\/script>\n<!-- \/ Yoast SEO plugin. -->","yoast_head_json":{"title":"Confidentialit\u00e9 - Creative Star","robots":{"index":"noindex","follow":"nofollow"},"og_locale":"fr_FR","og_type":"article","og_title":"Confidentialit\u00e9 - Creative Star","og_description":"Confidentialit\u00e9Clause de non-responsabilit\u00e9 du site web + Confidentialit\u00e9 \u00a0 \u00a0 Ce site web est la propri\u00e9t\u00e9 de CREATIVE STAR bv Coordonn\u00e9es de contact Adresse du si\u00e8ge social : BROSBEEKSEBRUG 34\/1 \u2013 2600 ANVERS \u2013 BELGIQUE Num\u00e9ro de t\u00e9l\u00e9phone : +32 (0)3 283 0 777 E-mail : info@creativestar.be Num\u00e9ro d'entreprise : BE 0837960828 RPR : 0837960828 [&hellip;]","og_url":"https:\/\/www.creativestar.be\/fr\/confidentialite\/","og_site_name":"Creative Star","article_modified_time":"2024-06-11T12:40:32+00:00","twitter_card":"summary_large_image","twitter_misc":{"Dur\u00e9e de lecture estim\u00e9e":"8 minutes"},"schema":{"@context":"https:\/\/schema.org","@graph":[{"@type":"WebPage","@id":"https:\/\/www.creativestar.be\/fr\/confidentialite\/","url":"https:\/\/www.creativestar.be\/fr\/confidentialite\/","name":"Confidentialit\u00e9 - Creative Star","isPartOf":{"@id":"https:\/\/www.creativestar.be\/#website"},"datePublished":"2024-02-06T12:53:22+00:00","dateModified":"2024-06-11T12:40:32+00:00","breadcrumb":{"@id":"https:\/\/www.creativestar.be\/fr\/confidentialite\/#breadcrumb"},"inLanguage":"fr-FR","potentialAction":[{"@type":"ReadAction","target":["https:\/\/www.creativestar.be\/fr\/confidentialite\/"]}]},{"@type":"BreadcrumbList","@id":"https:\/\/www.creativestar.be\/fr\/confidentialite\/#breadcrumb","itemListElement":[{"@type":"ListItem","position":1,"name":"Home","item":"https:\/\/www.creativestar.be\/"},{"@type":"ListItem","position":2,"name":"Confidentialit\u00e9"}]},{"@type":"WebSite","@id":"https:\/\/www.creativestar.be\/#website","url":"https:\/\/www.creativestar.be\/","name":"Creative Star","description":"Organisation of incentive travel &amp; luxury events","potentialAction":[{"@type":"SearchAction","target":{"@type":"EntryPoint","urlTemplate":"https:\/\/www.creativestar.be\/?s={search_term_string}"},"query-input":{"@type":"PropertyValueSpecification","valueRequired":true,"valueName":"search_term_string"}}],"inLanguage":"fr-FR"}]}},"_links":{"self":[{"href":"https:\/\/www.creativestar.be\/fr\/wp-json\/wp\/v2\/pages\/3032","targetHints":{"allow":["GET"]}}],"collection":[{"href":"https:\/\/www.creativestar.be\/fr\/wp-json\/wp\/v2\/pages"}],"about":[{"href":"https:\/\/www.creativestar.be\/fr\/wp-json\/wp\/v2\/types\/page"}],"author":[{"embeddable":true,"href":"https:\/\/www.creativestar.be\/fr\/wp-json\/wp\/v2\/users\/5"}],"replies":[{"embeddable":true,"href":"https:\/\/www.creativestar.be\/fr\/wp-json\/wp\/v2\/comments?post=3032"}],"version-history":[{"count":3,"href":"https:\/\/www.creativestar.be\/fr\/wp-json\/wp\/v2\/pages\/3032\/revisions"}],"predecessor-version":[{"id":3744,"href":"https:\/\/www.creativestar.be\/fr\/wp-json\/wp\/v2\/pages\/3032\/revisions\/3744"}],"wp:attachment":[{"href":"https:\/\/www.creativestar.be\/fr\/wp-json\/wp\/v2\/media?parent=3032"}],"curies":[{"name":"wp","href":"https:\/\/api.w.org\/{rel}","templated":true}]}}